{"id":8758,"date":"2022-11-02T09:46:59","date_gmt":"2022-11-02T06:46:59","guid":{"rendered":"https:\/\/efehanyildiz.com.tr\/tmgd\/?page_id=8758"},"modified":"2022-12-23T13:43:29","modified_gmt":"2022-12-23T10:43:29","slug":"about-us","status":"publish","type":"page","link":"https:\/\/www.trfreightline.com\/en\/about-us\/","title":{"rendered":"About Us"},"content":{"rendered":"\t\t<div data-elementor-type=\"wp-page\" data-elementor-id=\"8758\" class=\"elementor elementor-8758\">\n\t\t\t\t\t\t\t\t\t<section class=\"wd-negative-gap elementor-section elementor-top-section elementor-element elementor-element-16edb76 elementor-section-content-middle elementor-section-boxed elementor-section-height-default elementor-section-height-default wd-section-disabled\" data-id=\"16edb76\" data-element_type=\"section\">\n\t\t\t\t\t\t<div class=\"elementor-container elementor-column-gap-no\">\n\t\t\t\t\t<div class=\"elementor-column elementor-col-50 elementor-top-column elementor-element elementor-element-dbc7eb4\" data-id=\"dbc7eb4\" data-element_type=\"column\">\n\t\t\t<div class=\"elementor-widget-wrap elementor-element-populated\">\n\t\t\t\t\t\t\t\t<div class=\"elementor-element elementor-element-898eb40 elementor-widget elementor-widget-wd_text_block\" data-id=\"898eb40\" data-element_type=\"widget\" data-widget_type=\"wd_text_block.default\">\n\t\t\t\t<div class=\"elementor-widget-container\">\n\t\t\t\t\t\t<link rel=\"stylesheet\" id=\"wd-text-block-css\" href=\"https:\/\/www.trfreightline.com\/en\/wp-content\/themes\/woodmart\/css\/parts\/el-text-block.min.css?ver=7.0.3\" type=\"text\/css\" media=\"all\" \/> \t\t\t\t\t<div class=\"wd-text-block reset-last-child text-left\">\n\t\t\t\n\t\t\t<p>TR Freight &amp; Logistics has provided quality service in our country for many years and joined the TR Group family in 2015. TR Freight &amp; Logistics, which continues its way as a TR Group brand as of 2015, has successfully provided services in the field of Air &amp; Sea &amp; Land transportation for many years. TR Freight &amp; Logistics, whose sector target has always been projected transportation and special product transportation, has added value and gained well-deserved recognition in the sector, not only with transportation services but also with logistics and consultancy from the beginning to the end.<\/p><p>TR Freight &amp; Logistics, which serves as an IATA agency in air transportation and as a Forwarder Agency in sea and land transportation, received appreciation and support from many airline companies, especially TYH, in air transportation. In addition, our company is one of the leading institutions of the logistics service sector, IATA, FIATA, UTIKAD, and WCA DG, which accepts only 2 members in our country.<\/p>\n\t\t\t\t\t<\/div>\n\t\t\t\t<\/div>\n\t\t\t\t<\/div>\n\t\t\t\t\t<\/div>\n\t\t<\/div>\n\t\t\t\t<div class=\"elementor-column elementor-col-50 elementor-top-column elementor-element elementor-element-8d0378c\" data-id=\"8d0378c\" data-element_type=\"column\">\n\t\t\t<div class=\"elementor-widget-wrap elementor-element-populated\">\n\t\t\t\t\t\t\t\t<div class=\"elementor-element elementor-element-05e67cc elementor-widget elementor-widget-wd_image_or_svg\" data-id=\"05e67cc\" data-element_type=\"widget\" data-widget_type=\"wd_image_or_svg.default\">\n\t\t\t\t<div class=\"elementor-widget-container\">\n\t\t\t\n\t\t<div class=\"wd-image text-left\">\n\t\t\t\t\t\t\t\t<img loading=\"lazy\" decoding=\"async\" width=\"630\" height=\"580\" src=\"https:\/\/www.trfreightline.com\/en\/wp-content\/uploads\/2022\/11\/about-2.jpg\" class=\"attachment-full size-full\" alt=\"\" srcset=\"https:\/\/www.trfreightline.com\/en\/wp-content\/uploads\/2022\/11\/about-2.jpg 630w, https:\/\/www.trfreightline.com\/en\/wp-content\/uploads\/2022\/11\/about-2-326x300.jpg 326w\" sizes=\"auto, (max-width: 630px) 100vw, 630px\" \/>\t\t\t\t\t<\/div>\n\n\t\t\t\t<\/div>\n\t\t\t\t<\/div>\n\t\t\t\t\t<\/div>\n\t\t<\/div>\n\t\t\t\t\t\t\t<\/div>\n\t\t<\/section>\n\t\t\t\t<section class=\"wd-negative-gap elementor-section elementor-top-section elementor-element elementor-element-502ac5c3 wd-section-stretch-content elementor-section-content-middle elementor-section-boxed elementor-section-height-default elementor-section-height-default\" data-id=\"502ac5c3\" data-element_type=\"section\" data-settings=\"{&quot;background_background&quot;:&quot;classic&quot;}\">\n\t\t\t\t\t\t<div class=\"elementor-container elementor-column-gap-no\">\n\t\t\t\t\t<div class=\"elementor-column elementor-col-50 elementor-top-column elementor-element elementor-element-3e71c515\" data-id=\"3e71c515\" data-element_type=\"column\">\n\t\t\t<div class=\"elementor-widget-wrap elementor-element-populated\">\n\t\t\t\t\t\t\t\t<div class=\"elementor-element elementor-element-3ca03b5b elementor-widget elementor-widget-wd_images_gallery\" data-id=\"3ca03b5b\" data-element_type=\"widget\" data-widget_type=\"wd_images_gallery.default\">\n\t\t\t\t<div class=\"elementor-widget-container\">\n\t\t\t\t\t\t<link rel=\"stylesheet\" id=\"wd-photoswipe-css\" href=\"https:\/\/www.trfreightline.com\/en\/wp-content\/themes\/woodmart\/css\/parts\/lib-photoswipe.min.css?ver=7.0.3\" type=\"text\/css\" media=\"all\" \/> \t\t\t\t\t\t<link rel=\"stylesheet\" id=\"wd-image-gallery-css\" href=\"https:\/\/www.trfreightline.com\/en\/wp-content\/themes\/woodmart\/css\/parts\/el-gallery.min.css?ver=7.0.3\" type=\"text\/css\" media=\"all\" \/> \t\t\t\t\t<div class=\"wd-images-gallery wd-justify-center wd-items-middle view-masonry photoswipe-images\" >\n\t\t\t<div class=\"gallery-images row wd-spacing-0\">\n\t\t\t\t\t\t\t\t\t\t\t\t\t\t<div class=\"wd-gallery-item  col-lg-6 col-md-6 col-12\">\n\t\t\t\t\t\t\t\t\t\t\t\t\t<a  href=\"https:\/\/www.trfreightline.com\/en\/wp-content\/uploads\/2022\/11\/about-detail1.jpg\"data-width=\"600\" data-height=\"1200\" data-index=\"1\" data-elementor-open-lightbox=\"no\">\n\t\t\t\t\t\t\n\t\t\t\t\t\t<img decoding=\"async\" src=\"https:\/\/www.trfreightline.com\/en\/wp-content\/uploads\/2022\/11\/about-detail1.jpg\"alt=\"about-detail1\">\n\t\t\t\t\t\t\t\t\t\t\t\t\t<\/a>\n\t\t\t\t\t\t\t\t\t\t\t<\/div>\n\t\t\t\t\t\t\t\t\t\t\t\t\t\t\t<div class=\"wd-gallery-item  col-lg-6 col-md-6 col-12\">\n\t\t\t\t\t\t\t\t\t\t\t\t\t<a  href=\"https:\/\/www.trfreightline.com\/en\/wp-content\/uploads\/2022\/11\/about-detail3.jpg\"data-width=\"600\" data-height=\"600\" data-index=\"2\" data-elementor-open-lightbox=\"no\">\n\t\t\t\t\t\t\n\t\t\t\t\t\t<img decoding=\"async\" src=\"https:\/\/www.trfreightline.com\/en\/wp-content\/uploads\/2022\/11\/about-detail3.jpg\"alt=\"about-detail3\">\n\t\t\t\t\t\t\t\t\t\t\t\t\t<\/a>\n\t\t\t\t\t\t\t\t\t\t\t<\/div>\n\t\t\t\t\t\t\t\t\t\t\t\t\t\t\t<div class=\"wd-gallery-item  col-lg-6 col-md-6 col-12\">\n\t\t\t\t\t\t\t\t\t\t\t\t\t<a  href=\"https:\/\/www.trfreightline.com\/en\/wp-content\/uploads\/2022\/11\/about-detail2.jpg\"data-width=\"600\" data-height=\"600\" data-index=\"3\" data-elementor-open-lightbox=\"no\">\n\t\t\t\t\t\t\n\t\t\t\t\t\t<img decoding=\"async\" src=\"https:\/\/www.trfreightline.com\/en\/wp-content\/uploads\/2022\/11\/about-detail2.jpg\"alt=\"about-detail2\">\n\t\t\t\t\t\t\t\t\t\t\t\t\t<\/a>\n\t\t\t\t\t\t\t\t\t\t\t<\/div>\n\t\t\t\t\t\t\t\t<\/div>\n\t\t<\/div>\n\t\t\t\t<\/div>\n\t\t\t\t<\/div>\n\t\t\t\t\t<\/div>\n\t\t<\/div>\n\t\t\t\t<div class=\"elementor-column elementor-col-50 elementor-top-column elementor-element elementor-element-4efda639 color-scheme-light\" data-id=\"4efda639\" data-element_type=\"column\" data-settings=\"{&quot;background_background&quot;:&quot;classic&quot;}\">\n\t\t\t<div class=\"elementor-widget-wrap elementor-element-populated\">\n\t\t\t\t\t\t\t\t<section class=\"wd-negative-gap elementor-section elementor-inner-section elementor-element elementor-element-705337ca elementor-section-boxed elementor-section-height-default elementor-section-height-default wd-section-disabled\" data-id=\"705337ca\" data-element_type=\"section\">\n\t\t\t\t\t\t<div class=\"elementor-container elementor-column-gap-no\">\n\t\t\t\t\t<div class=\"elementor-column elementor-col-100 elementor-inner-column elementor-element elementor-element-53e275af\" data-id=\"53e275af\" data-element_type=\"column\">\n\t\t\t<div class=\"elementor-widget-wrap elementor-element-populated\">\n\t\t\t\t\t\t\t\t<div class=\"elementor-element elementor-element-7aac7b3c elementor-widget elementor-widget-wd_infobox\" data-id=\"7aac7b3c\" data-element_type=\"widget\" data-widget_type=\"wd_infobox.default\">\n\t\t\t\t<div class=\"elementor-widget-container\">\n\t\t\t\t\t\t<link rel=\"stylesheet\" id=\"wd-info-box-css\" href=\"https:\/\/www.trfreightline.com\/en\/wp-content\/themes\/woodmart\/css\/parts\/el-info-box.min.css?ver=7.0.3\" type=\"text\/css\" media=\"all\" \/> \t\t\t\t\t<div class=\"info-box-wrapper\">\n\t\t\t<div class=\"wd-info-box text-left box-icon-align-top box-style-base color-scheme-dark\" >\n\t\t\t\t\n\t\t\t\t<div class=\"info-box-content\">\n\t\t\t\t\t\n\t\t\t\t\t\n\t\t\t\t\t<div class=\"info-box-inner set-cont-mb-s reset-last-child\"\n\t\t\t\t\t\t data-elementor-setting-key=\"content\">\n\t\t\t\t\t\t<p>Today, we offer you perfect service with our offices operating in Istanbul, Izmir, Bursa, Eski\u015fehir, Antalya, Adana, Kayseri, Malatya, Ad\u0131yaman and Diyarbak\u0131r, as well as all over Turkey, and our extensive business partner agency network in 189 countries where we have import-export activities. The aim of TRF is to offer you the special transactions that must be applied in all your exports and imports, primarily your special products, without creating additional costs. All of our expert teams are experienced, have completed Logistics Management training, have DGR competence, and are all engineers. It serves as the only forwarder company that provides full support from packaging to labeling, from the supply of approved packaging to the necessary exemption applications, especially in your Dangerous Materials and Chemical shipments that require special knowledge and experience.<\/p>\n<p>TR Freight &amp; Logistics, the dynamic company of the sector established with domestic capital, always keeps customer satisfaction in the first place with its openness to innovation and development.<\/p>\n<p>Hava ta\u015f\u0131mac\u0131l\u0131\u011f\u0131nda IATA acentesi olarak, deniz ve kara ta\u015f\u0131mac\u0131l\u0131\u011f\u0131nda ise Forwarder Acente olarak hizmet sunmakta olan TR Freight &amp; Logistics \u00f6zellikle hava ta\u015f\u0131mac\u0131l\u0131\u011f\u0131nda ba\u015fta TYH olmak \u00fczere bir\u00e7ok havayolu \u015firketlerinden yapt\u0131\u011f\u0131 organizasyonlar ile takdir alm\u0131\u015f ve destek g\u00f6rm\u00fc\u015ft\u00fcr. Ayr\u0131ca firmam\u0131z lojistik hizmet sekt\u00f6r\u00fcn\u00fcn \u00f6nc\u00fc kurumlar\u0131ndan IATA, FIATA, UTIKAD ve ve \u00fclkemizde sadece 2 \u00fcye kabul eden WCA DG \u00fcyelerinden bir tanesidir.<\/p>\n\t\t\t\t\t<\/div>\n\t\n\t\t\t\t\t\t\t\t\t<\/div>\n\t\t\t<\/div>\n\t\t<\/div>\n\t\t\t\t<\/div>\n\t\t\t\t<\/div>\n\t\t\t\t\t<\/div>\n\t\t<\/div>\n\t\t\t\t\t\t\t<\/div>\n\t\t<\/section>\n\t\t\t\t\t<\/div>\n\t\t<\/div>\n\t\t\t\t\t\t\t<\/div>\n\t\t<\/section>\n\t\t\t\t\t\t\t<\/div>\n\t\t","protected":false},"excerpt":{"rendered":"<p>TR Freight &amp; Logistics has provided quality service in our country for many years and joined the TR Group family<\/p>\n","protected":false},"author":1,"featured_media":0,"parent":0,"menu_order":0,"comment_status":"closed","ping_status":"closed","template":"","meta":{"footnotes":""},"class_list":["post-8758","page","type-page","status-publish","hentry"],"_links":{"self":[{"href":"https:\/\/www.trfreightline.com\/en\/wp-json\/wp\/v2\/pages\/8758","targetHints":{"allow":["GET"]}}],"collection":[{"href":"https:\/\/www.trfreightline.com\/en\/wp-json\/wp\/v2\/pages"}],"about":[{"href":"https:\/\/www.trfreightline.com\/en\/wp-json\/wp\/v2\/types\/page"}],"author":[{"embeddable":true,"href":"https:\/\/www.trfreightline.com\/en\/wp-json\/wp\/v2\/users\/1"}],"replies":[{"embeddable":true,"href":"https:\/\/www.trfreightline.com\/en\/wp-json\/wp\/v2\/comments?post=8758"}],"version-history":[{"count":38,"href":"https:\/\/www.trfreightline.com\/en\/wp-json\/wp\/v2\/pages\/8758\/revisions"}],"predecessor-version":[{"id":10037,"href":"https:\/\/www.trfreightline.com\/en\/wp-json\/wp\/v2\/pages\/8758\/revisions\/10037"}],"wp:attachment":[{"href":"https:\/\/www.trfreightline.com\/en\/wp-json\/wp\/v2\/media?parent=8758"}],"curies":[{"name":"wp","href":"https:\/\/api.w.org\/{rel}","templated":true}]}}